{"id":1472,"date":"2018-01-01T01:00:00","date_gmt":"2018-01-01T01:00:00","guid":{"rendered":"http:\/\/pressaosonora.maisbaixo.com\/?page_id=1472"},"modified":"2023-10-20T12:56:05","modified_gmt":"2023-10-20T12:56:05","slug":"contactos","status":"publish","type":"page","link":"https:\/\/pressaosonora.maisbaixo.com\/en\/contactos\/","title":{"rendered":"About"},"content":{"rendered":"<div data-elementor-type=\"wp-post\" data-elementor-id=\"1472\" class=\"elementor elementor-1472\" data-elementor-settings=\"[]\">\n\t\t\t\t\t\t<div class=\"elementor-inner\">\n\t\t\t\t\t\t\t<div class=\"elementor-section-wrap\">\n\t\t\t\t\t\t\t<section class=\"elementor-section elementor-top-section elementor-element elementor-element-0fe6abf elementor-section-stretched elementor-section-height-min-height elementor-section-boxed elementor-section-height-default elementor-section-items-middle\" data-id=\"0fe6abf\" data-element_type=\"section\" data-settings=\"{&quot;stretch_section&quot;:&quot;section-stretched&quot;,&quot;background_background&quot;:&quot;classic&quot;}\">\n\t\t\t\t\t\t\t<div class=\"elementor-background-overlay\"><\/div>\n\t\t\t\t\t\t\t<div class=\"elementor-container elementor-column-gap-default\">\n\t\t\t\t\t\t\t<div class=\"elementor-row\">\n\t\t\t\t\t<div class=\"elementor-column elementor-col-100 elementor-top-column elementor-element elementor-element-8750e05\" data-id=\"8750e05\" data-element_type=\"column\">\n\t\t\t<div class=\"elementor-column-wrap elementor-element-populated\">\n\t\t\t\t\t\t\t<div class=\"elementor-widget-wrap\">\n\t\t\t\t\t\t<div class=\"elementor-element elementor-element-c6c8849 elementor-widget elementor-widget-heading\" data-id=\"c6c8849\" data-element_type=\"widget\" data-widget_type=\"heading.default\">\n\t\t\t\t<div class=\"elementor-widget-container\">\n\t\t\t<h1 class=\"elementor-heading-title elementor-size-default\">PRESS\u00c3O SONORA <h5>[SOUND PRESSURE]<\/h5><\/h1>\t\t<\/div>\n\t\t\t\t<\/div>\n\t\t\t\t\t\t<\/div>\n\t\t\t\t\t<\/div>\n\t\t<\/div>\n\t\t\t\t\t\t\t\t<\/div>\n\t\t\t\t\t<\/div>\n\t\t<\/section>\n\t\t\t\t<section class=\"elementor-section elementor-top-section elementor-element elementor-element-7e2d8000 elementor-section-content-middle elementor-section-boxed elementor-section-height-default elementor-section-height-default\" data-id=\"7e2d8000\" data-element_type=\"section\" data-settings=\"{&quot;background_background&quot;:&quot;classic&quot;}\">\n\t\t\t\t\t\t\t<div class=\"elementor-background-overlay\"><\/div>\n\t\t\t\t\t\t\t<div class=\"elementor-container elementor-column-gap-no\">\n\t\t\t\t\t\t\t<div class=\"elementor-row\">\n\t\t\t\t\t<div class=\"elementor-column elementor-col-100 elementor-top-column elementor-element elementor-element-3cae9ace\" data-id=\"3cae9ace\" data-element_type=\"column\">\n\t\t\t<div class=\"elementor-column-wrap elementor-element-populated\">\n\t\t\t\t\t\t\t<div class=\"elementor-widget-wrap\">\n\t\t\t\t\t\t<div class=\"elementor-element elementor-element-7a904d4 elementor-widget elementor-widget-image\" data-id=\"7a904d4\" data-element_type=\"widget\" data-widget_type=\"image.default\">\n\t\t\t\t<div class=\"elementor-widget-container\">\n\t\t\t\t\t\t\t\t<div class=\"elementor-image\">\n\t\t\t\t\t\t\t\t\t\t\t\t\t<a href=\"http:\/\/maisbaixo.com\/\">\n\t\t\t\t\t\t\t<img src=\"https:\/\/pressaosonora.maisbaixo.com\/wp-content\/uploads\/elementor\/thumbs\/logo_b_transparente-o299hsk3w39ioruexce2yh3kp4ljzq4xun68rnh1ig.png\" title=\"logo_b_transparente\" alt=\"logo_b_transparente\" class=\"no-lazyload\" \/>\t\t\t\t\t\t\t\t<\/a>\n\t\t\t\t\t\t\t\t\t\t\t\t\t\t<\/div>\n\t\t\t\t\t\t<\/div>\n\t\t\t\t<\/div>\n\t\t\t\t<div class=\"elementor-element elementor-element-5ae60584 elementor-widget elementor-widget-text-editor\" data-id=\"5ae60584\" data-element_type=\"widget\" data-widget_type=\"text-editor.default\">\n\t\t\t\t<div class=\"elementor-widget-container\">\n\t\t\t\t\t\t\t\t<div class=\"elementor-text-editor elementor-clearfix\">\n\t\t\t\t<p class=\"translation-block\"><a href=\"http:\/\/maisbaixo.com\/\" target=\"_self\"><b>Mais Baixo<\/b><\/a><span style=\"font-weight: 400\"> is a Portuguese collective dedicated to promote the clubbing &amp; soundsystem culture, from the classic 70's dub to the most futuristic electronic music.<\/span><\/p><p class=\"translation-block\">After several years promoting Portuguese dubstep DJs through online radio stations in London (<a href=\"http:\/\/maisbaixo.com\/site\/tag\/roodfm\/\" target=\"_self\">Rood.FM<\/a> e <a href=\"http:\/\/maisbaixo.com\/site\/tag\/subfm\/\" target=\"_self\">SUB.fm<\/a>), in 2018 our focus turned to the Portuguese bass music audience with the creation of <strong>Press\u00e3o Sonora<\/strong> (Sound Pressure) - an FM radio show broadcast weekly on <a href=\"https:\/\/www.oxigenio.fm\/\" target=\"_self\">R\u00e1dio Oxig\u00e9nio<\/a> (102.6 FM - Lisbon, Portugal).<\/p><p><span style=\"font-weight: 400;\">The show's format alternates between Mais Baixo's track selection to showcase new and upcoming releases and DJ sets from guest artists.<\/span><\/p>\t\t\t\t\t<\/div>\n\t\t\t\t\t\t<\/div>\n\t\t\t\t<\/div>\n\t\t\t\t<div class=\"elementor-element elementor-element-f5b0567 elementor-grid-mobile-0 e-grid-align-mobile-center elementor-shape-rounded elementor-grid-0 e-grid-align-center elementor-widget elementor-widget-social-icons\" data-id=\"f5b0567\" data-element_type=\"widget\" data-widget_type=\"social-icons.default\">\n\t\t\t\t<div class=\"elementor-widget-container\">\n\t\t\t\t\t<div class=\"elementor-social-icons-wrapper elementor-grid\">\n\t\t\t\t\t\t\t<span class=\"elementor-grid-item\">\n\t\t\t\t\t<a class=\"elementor-icon elementor-social-icon elementor-social-icon-facebook-f elementor-repeater-item-e95c5c3\" href=\"https:\/\/facebook.com\/maisbaixo\" target=\"_blank\">\n\t\t\t\t\t\t<span class=\"elementor-screen-only\">Facebook-f<\/span>\n\t\t\t\t\t\t<i class=\"fab fa-facebook-f\"><\/i>\t\t\t\t\t<\/a>\n\t\t\t\t<\/span>\n\t\t\t\t\t\t\t<span class=\"elementor-grid-item\">\n\t\t\t\t\t<a class=\"elementor-icon elementor-social-icon elementor-social-icon-instagram elementor-repeater-item-03408ca\" href=\"https:\/\/www.instagram.com\/maisbaixo\/\" target=\"_blank\">\n\t\t\t\t\t\t<span class=\"elementor-screen-only\">Instagram<\/span>\n\t\t\t\t\t\t<i class=\"fab fa-instagram\"><\/i>\t\t\t\t\t<\/a>\n\t\t\t\t<\/span>\n\t\t\t\t\t\t\t<span class=\"elementor-grid-item\">\n\t\t\t\t\t<a class=\"elementor-icon elementor-social-icon elementor-social-icon-soundcloud elementor-repeater-item-49cda85\" href=\"https:\/\/soundcloud.com\/maisbaixo\" target=\"_blank\">\n\t\t\t\t\t\t<span class=\"elementor-screen-only\">Soundcloud<\/span>\n\t\t\t\t\t\t<i class=\"fab fa-soundcloud\"><\/i>\t\t\t\t\t<\/a>\n\t\t\t\t<\/span>\n\t\t\t\t\t\t\t<span class=\"elementor-grid-item\">\n\t\t\t\t\t<a class=\"elementor-icon elementor-social-icon elementor-social-icon-mixcloud elementor-repeater-item-8bf1a8a\" href=\"https:\/\/mixcloud.com\/maisbaixo\" target=\"_blank\">\n\t\t\t\t\t\t<span class=\"elementor-screen-only\">Mixcloud<\/span>\n\t\t\t\t\t\t<i class=\"fab fa-mixcloud\"><\/i>\t\t\t\t\t<\/a>\n\t\t\t\t<\/span>\n\t\t\t\t\t\t\t<span class=\"elementor-grid-item\">\n\t\t\t\t\t<a class=\"elementor-icon elementor-social-icon elementor-social-icon-youtube elementor-repeater-item-d792658\" href=\"https:\/\/www.youtube.com\/user\/maisbaixopt\/\" target=\"_blank\">\n\t\t\t\t\t\t<span class=\"elementor-screen-only\">Youtube<\/span>\n\t\t\t\t\t\t<i class=\"fab fa-youtube\"><\/i>\t\t\t\t\t<\/a>\n\t\t\t\t<\/span>\n\t\t\t\t\t\t\t<span class=\"elementor-grid-item\">\n\t\t\t\t\t<a class=\"elementor-icon elementor-social-icon elementor-social-icon-twitter elementor-repeater-item-4955b0a\" href=\"https:\/\/twitter.com\/maisbaixopt\" target=\"_blank\">\n\t\t\t\t\t\t<span class=\"elementor-screen-only\">Twitter<\/span>\n\t\t\t\t\t\t<i class=\"fab fa-twitter\"><\/i>\t\t\t\t\t<\/a>\n\t\t\t\t<\/span>\n\t\t\t\t\t<\/div>\n\t\t\t\t<\/div>\n\t\t\t\t<\/div>\n\t\t\t\t\t\t<\/div>\n\t\t\t\t\t<\/div>\n\t\t<\/div>\n\t\t\t\t\t\t\t\t<\/div>\n\t\t\t\t\t<\/div>\n\t\t<\/section>\n\t\t\t\t\t\t<\/div>\n\t\t\t\t\t\t<\/div>\n\t\t\t\t\t<\/div>","protected":false},"excerpt":{"rendered":"<p>PRESS\u00c3O SONORA O Mais Baixo \u00e9 um colectivo dedicado \u00e0 divulga\u00e7\u00e3o da cultura clubbing e soundsystem e de todo o movimento BASS, desde o cl\u00e1ssico dub dos anos 70 \u00e0 m\u00fasica eletr\u00f3nica mais futurista. Ap\u00f3s a experi\u00eancia de v\u00e1rios anos a projetar internacionalmente o trabalho de DJs portugueses em duas r\u00e1dios online londrinas (Rood.FM e&#8230;<\/p>","protected":false},"author":1,"featured_media":2755,"parent":0,"menu_order":0,"comment_status":"closed","ping_status":"closed","template":"","meta":{"episode_type":"","audio_file":"","cover_image":"","cover_image_id":"","duration":"","filesize":"","date_recorded":"","explicit":"","block":"","itunes_episode_number":"","itunes_title":"","itunes_season_number":"","itunes_episode_type":"","filesize_raw":""},"yoast_head":"<!-- This site is optimized with the Yoast SEO plugin v19.10 - https:\/\/yoast.com\/wordpress\/plugins\/seo\/ -->\n<title>Contactos - Press\u00e3o Sonora (Mais Baixo) @ Radio Oxig\u00e9nio<\/title>\n<meta name=\"description\" content=\"PRESS\u00c3O SONORA: A crew Mais Baixo na R\u00e1dio Oxig\u00e9nio. Produtores, DJs, colecionadores, bass heads.. entrem em contacto!\" \/>\n<meta name=\"robots\" content=\"index, follow, max-snippet:-1, max-image-preview:large, max-video-preview:-1\" \/>\n<link rel=\"canonical\" href=\"https:\/\/pressaosonora.maisbaixo.com\/en\/contactos\/\" \/>\n<meta property=\"og:locale\" content=\"en_GB\" \/>\n<meta property=\"og:type\" content=\"article\" \/>\n<meta property=\"og:title\" content=\"Contactos - Press\u00e3o Sonora (Mais Baixo) @ Radio Oxig\u00e9nio\" \/>\n<meta property=\"og:description\" content=\"PRESS\u00c3O SONORA: A crew Mais Baixo na R\u00e1dio Oxig\u00e9nio. Produtores, DJs, colecionadores, bass heads.. entrem em contacto!\" \/>\n<meta property=\"og:url\" content=\"https:\/\/pressaosonora.maisbaixo.com\/en\/contactos\/\" \/>\n<meta property=\"og:site_name\" content=\"Press\u00e3o Sonora (Mais Baixo) @ Radio Oxig\u00e9nio\" \/>\n<meta property=\"article:publisher\" content=\"https:\/\/facebook.com\/maisbaixo\" \/>\n<meta property=\"article:modified_time\" content=\"2023-10-20T12:56:05+00:00\" \/>\n<meta property=\"og:image\" content=\"https:\/\/pressaosonora.maisbaixo.com\/wp-content\/uploads\/2021\/01\/MAIN_PROMO.png\" \/>\n\t<meta property=\"og:image:width\" content=\"785\" \/>\n\t<meta property=\"og:image:height\" content=\"702\" \/>\n\t<meta property=\"og:image:type\" content=\"image\/png\" \/>\n<meta name=\"twitter:card\" content=\"summary_large_image\" \/>\n<meta name=\"twitter:site\" content=\"@maisbaixopt\" \/>\n<meta name=\"twitter:label1\" content=\"Estimated reading time\" \/>\n\t<meta name=\"twitter:data1\" content=\"1 minute\" \/>\n<script type=\"application\/ld+json\" class=\"yoast-schema-graph\">{\"@context\":\"https:\/\/schema.org\",\"@graph\":[{\"@type\":[\"WebPage\",\"ContactPage\"],\"@id\":\"https:\/\/pressaosonora.maisbaixo.com\/contactos\/\",\"url\":\"https:\/\/pressaosonora.maisbaixo.com\/contactos\/\",\"name\":\"Contactos - Press\u00e3o Sonora (Mais Baixo) @ Radio Oxig\u00e9nio\",\"isPartOf\":{\"@id\":\"https:\/\/pressaosonora.maisbaixo.com\/#website\"},\"datePublished\":\"2018-01-01T01:00:00+00:00\",\"dateModified\":\"2023-10-20T12:56:05+00:00\",\"description\":\"PRESS\u00c3O SONORA: A crew Mais Baixo na R\u00e1dio Oxig\u00e9nio. Produtores, DJs, colecionadores, bass heads.. entrem em contacto!\",\"breadcrumb\":{\"@id\":\"https:\/\/pressaosonora.maisbaixo.com\/contactos\/#breadcrumb\"},\"inLanguage\":\"en-GB\",\"potentialAction\":[{\"@type\":\"ReadAction\",\"target\":[\"https:\/\/pressaosonora.maisbaixo.com\/contactos\/\"]}]},{\"@type\":\"BreadcrumbList\",\"@id\":\"https:\/\/pressaosonora.maisbaixo.com\/contactos\/#breadcrumb\",\"itemListElement\":[{\"@type\":\"ListItem\",\"position\":1,\"name\":\"In\u00edcio\",\"item\":\"https:\/\/pressaosonora.maisbaixo.com\/\"},{\"@type\":\"ListItem\",\"position\":2,\"name\":\"Contactos\"}]},{\"@type\":\"WebSite\",\"@id\":\"https:\/\/pressaosonora.maisbaixo.com\/#website\",\"url\":\"https:\/\/pressaosonora.maisbaixo.com\/\",\"name\":\"Press\u00e3o Sonora (Mais Baixo) @ Radio Oxig\u00e9nio\",\"description\":\"PRESS\u00c3O SONORA: A crew Mais Baixo na R\u00e1dio Oxig\u00e9nio.\",\"publisher\":{\"@id\":\"https:\/\/pressaosonora.maisbaixo.com\/#organization\"},\"potentialAction\":[{\"@type\":\"SearchAction\",\"target\":{\"@type\":\"EntryPoint\",\"urlTemplate\":\"https:\/\/pressaosonora.maisbaixo.com\/?s={search_term_string}\"},\"query-input\":\"required name=search_term_string\"}],\"inLanguage\":\"en-GB\"},{\"@type\":\"Organization\",\"@id\":\"https:\/\/pressaosonora.maisbaixo.com\/#organization\",\"name\":\"Mais Baixo\",\"url\":\"https:\/\/pressaosonora.maisbaixo.com\/\",\"logo\":{\"@type\":\"ImageObject\",\"inLanguage\":\"en-GB\",\"@id\":\"https:\/\/pressaosonora.maisbaixo.com\/#\/schema\/logo\/image\/\",\"url\":\"https:\/\/pressaosonora.maisbaixo.com\/wp-content\/uploads\/2021\/01\/cropped-LOGO_CENTRADO_FINAL-150x150-1.gif\",\"contentUrl\":\"https:\/\/pressaosonora.maisbaixo.com\/wp-content\/uploads\/2021\/01\/cropped-LOGO_CENTRADO_FINAL-150x150-1.gif\",\"width\":150,\"height\":150,\"caption\":\"Mais Baixo\"},\"image\":{\"@id\":\"https:\/\/pressaosonora.maisbaixo.com\/#\/schema\/logo\/image\/\"},\"sameAs\":[\"https:\/\/www.instagram.com\/maisbaixo\/\",\"https:\/\/www.youtube.com\/user\/maisbaixopt\",\"https:\/\/facebook.com\/maisbaixo\",\"https:\/\/twitter.com\/maisbaixopt\"]}]}<\/script>\n<!-- \/ Yoast SEO plugin. -->","yoast_head_json":{"title":"Contactos - Press\u00e3o Sonora (Mais Baixo) @ Radio Oxig\u00e9nio","description":"PRESS\u00c3O SONORA: A crew Mais Baixo na R\u00e1dio Oxig\u00e9nio. Produtores, DJs, colecionadores, bass heads.. entrem em contacto!","robots":{"index":"index","follow":"follow","max-snippet":"max-snippet:-1","max-image-preview":"max-image-preview:large","max-video-preview":"max-video-preview:-1"},"canonical":"https:\/\/pressaosonora.maisbaixo.com\/en\/contactos\/","og_locale":"en_GB","og_type":"article","og_title":"Contactos - Press\u00e3o Sonora (Mais Baixo) @ Radio Oxig\u00e9nio","og_description":"PRESS\u00c3O SONORA: A crew Mais Baixo na R\u00e1dio Oxig\u00e9nio. Produtores, DJs, colecionadores, bass heads.. entrem em contacto!","og_url":"https:\/\/pressaosonora.maisbaixo.com\/en\/contactos\/","og_site_name":"Press\u00e3o Sonora (Mais Baixo) @ Radio Oxig\u00e9nio","article_publisher":"https:\/\/facebook.com\/maisbaixo","article_modified_time":"2023-10-20T12:56:05+00:00","og_image":[{"width":785,"height":702,"url":"https:\/\/pressaosonora.maisbaixo.com\/wp-content\/uploads\/2021\/01\/MAIN_PROMO.png","type":"image\/png"}],"twitter_card":"summary_large_image","twitter_site":"@maisbaixopt","twitter_misc":{"Estimated reading time":"1 minute"},"schema":{"@context":"https:\/\/schema.org","@graph":[{"@type":["WebPage","ContactPage"],"@id":"https:\/\/pressaosonora.maisbaixo.com\/contactos\/","url":"https:\/\/pressaosonora.maisbaixo.com\/contactos\/","name":"Contactos - Press\u00e3o Sonora (Mais Baixo) @ Radio Oxig\u00e9nio","isPartOf":{"@id":"https:\/\/pressaosonora.maisbaixo.com\/#website"},"datePublished":"2018-01-01T01:00:00+00:00","dateModified":"2023-10-20T12:56:05+00:00","description":"PRESS\u00c3O SONORA: A crew Mais Baixo na R\u00e1dio Oxig\u00e9nio. Produtores, DJs, colecionadores, bass heads.. entrem em contacto!","breadcrumb":{"@id":"https:\/\/pressaosonora.maisbaixo.com\/contactos\/#breadcrumb"},"inLanguage":"en-GB","potentialAction":[{"@type":"ReadAction","target":["https:\/\/pressaosonora.maisbaixo.com\/contactos\/"]}]},{"@type":"BreadcrumbList","@id":"https:\/\/pressaosonora.maisbaixo.com\/contactos\/#breadcrumb","itemListElement":[{"@type":"ListItem","position":1,"name":"In\u00edcio","item":"https:\/\/pressaosonora.maisbaixo.com\/"},{"@type":"ListItem","position":2,"name":"Contactos"}]},{"@type":"WebSite","@id":"https:\/\/pressaosonora.maisbaixo.com\/#website","url":"https:\/\/pressaosonora.maisbaixo.com\/","name":"Press\u00e3o Sonora (Mais Baixo) @ Radio Oxig\u00e9nio","description":"PRESS\u00c3O SONORA: A crew Mais Baixo na R\u00e1dio Oxig\u00e9nio.","publisher":{"@id":"https:\/\/pressaosonora.maisbaixo.com\/#organization"},"potentialAction":[{"@type":"SearchAction","target":{"@type":"EntryPoint","urlTemplate":"https:\/\/pressaosonora.maisbaixo.com\/?s={search_term_string}"},"query-input":"required name=search_term_string"}],"inLanguage":"en-GB"},{"@type":"Organization","@id":"https:\/\/pressaosonora.maisbaixo.com\/#organization","name":"Mais Baixo","url":"https:\/\/pressaosonora.maisbaixo.com\/","logo":{"@type":"ImageObject","inLanguage":"en-GB","@id":"https:\/\/pressaosonora.maisbaixo.com\/#\/schema\/logo\/image\/","url":"https:\/\/pressaosonora.maisbaixo.com\/wp-content\/uploads\/2021\/01\/cropped-LOGO_CENTRADO_FINAL-150x150-1.gif","contentUrl":"https:\/\/pressaosonora.maisbaixo.com\/wp-content\/uploads\/2021\/01\/cropped-LOGO_CENTRADO_FINAL-150x150-1.gif","width":150,"height":150,"caption":"Mais Baixo"},"image":{"@id":"https:\/\/pressaosonora.maisbaixo.com\/#\/schema\/logo\/image\/"},"sameAs":["https:\/\/www.instagram.com\/maisbaixo\/","https:\/\/www.youtube.com\/user\/maisbaixopt","https:\/\/facebook.com\/maisbaixo","https:\/\/twitter.com\/maisbaixopt"]}]}},"_links":{"self":[{"href":"https:\/\/pressaosonora.maisbaixo.com\/en\/wp-json\/wp\/v2\/pages\/1472"}],"collection":[{"href":"https:\/\/pressaosonora.maisbaixo.com\/en\/wp-json\/wp\/v2\/pages"}],"about":[{"href":"https:\/\/pressaosonora.maisbaixo.com\/en\/wp-json\/wp\/v2\/types\/page"}],"author":[{"embeddable":true,"href":"https:\/\/pressaosonora.maisbaixo.com\/en\/wp-json\/wp\/v2\/users\/1"}],"replies":[{"embeddable":true,"href":"https:\/\/pressaosonora.maisbaixo.com\/en\/wp-json\/wp\/v2\/comments?post=1472"}],"version-history":[{"count":48,"href":"https:\/\/pressaosonora.maisbaixo.com\/en\/wp-json\/wp\/v2\/pages\/1472\/revisions"}],"predecessor-version":[{"id":3560,"href":"https:\/\/pressaosonora.maisbaixo.com\/en\/wp-json\/wp\/v2\/pages\/1472\/revisions\/3560"}],"wp:featuredmedia":[{"embeddable":true,"href":"https:\/\/pressaosonora.maisbaixo.com\/en\/wp-json\/wp\/v2\/media\/2755"}],"wp:attachment":[{"href":"https:\/\/pressaosonora.maisbaixo.com\/en\/wp-json\/wp\/v2\/media?parent=1472"}],"curies":[{"name":"wp","href":"https:\/\/api.w.org\/{rel}","templated":true}]}}